{"id":230,"date":"2025-08-25T05:31:01","date_gmt":"2025-08-25T05:31:01","guid":{"rendered":"https:\/\/scholarshipidea.net\/?page_id=230"},"modified":"2025-09-05T08:54:20","modified_gmt":"2025-09-05T08:54:20","slug":"about-us","status":"publish","type":"page","link":"https:\/\/scholarshipidea.net\/?page_id=230","title":{"rendered":"About us"},"content":{"rendered":"\n<figure class=\"wp-block-image aligncenter size-full\"><img loading=\"lazy\" decoding=\"async\" width=\"717\" height=\"237\" src=\"https:\/\/scholarshipidea.net\/wp-content\/uploads\/2025\/08\/banner.png\" alt=\"\" class=\"wp-image-233\" srcset=\"https:\/\/scholarshipidea.net\/wp-content\/uploads\/2025\/08\/banner.png 717w, https:\/\/scholarshipidea.net\/wp-content\/uploads\/2025\/08\/banner-300x99.png 300w\" sizes=\"auto, (max-width: 717px) 100vw, 717px\" \/><\/figure>\n\n\n\n<p>ScholarshipIdea.net is a global platform designed to connect students, researchers, and academics with valuable opportunities in education and career development. Our mission is to make access to scholarships, academic jobs, and research communities simple, transparent, and reliable.<\/p>\n\n\n\n<p>Here, you can explore thousands of updated scholarships across all levels of study, discover academic job opportunities worldwide, and join discussions with like-minded peers through Q&amp;A and forums. We are committed to building not just a database, but a dynamic community where knowledge, experience, and opportunities are shared openly.<\/p>\n\n\n\n<p>ScholarshipIdea.net is built on firsthand experiences of navigating the complex world of applications, funding, and academic growth. With personalized tools, verified information, and a supportive community, we aim to become your trusted gateway to higher education and global academic success.<\/p>\n\n\n\n<h2 class=\"wp-block-heading\">About Us<\/h2>\n\n\n\n<p><br>ScholarshipIdea.net is founded and developed by a team of lecturers, researchers, and international alumni from diverse backgrounds.<br>\u2022 <strong>Founder &amp; Editor-in-Chief:<\/strong> Dr. Tuan A. Pham \u2013 Researcher in Geotechnical Engineering and Infrastructure Resilience.<\/p>\n\n\n\n<p>\u2022 <strong>Editor<\/strong>: Viet D. Le, Department of Civil Engineering, Kumoh National Institute of Technology.<\/p>\n\n\n\n<p><br>\u2022 <strong>Editorial Team: <\/strong>A group of experts, lecturers, and former international students with proven experience in securing prestigious scholarships (Erasmus+, ADB, MEXT, Fulbright, etc.).<\/p>\n\n\n\n<h2 class=\"wp-block-heading\">Contact Us<\/h2>\n\n\n\n<p><br>\u2022 \ud83d\udce7 Email: phamanhtuan@tdtu.edu.vn<br>\u2022 \ud83c\udf10 Website: https:\/\/scholarshipidea.net\/<\/p>\n\n\n\n<p>ScholarshipIdea.net \u2013 Sharing Opportunities, Connecting Knowledge, Building Community.<\/p>\n\n\n\n<p><\/p>\n\n\n\n<p>Ch\u00e0o m\u1eebng b\u1ea1n \u0111\u1ebfn v\u1edbi ScholarshipIdea.net<br>ScholarshipIdea.net l\u00e0 n\u1ec1n t\u1ea3ng to\u00e0n c\u1ea7u k\u1ebft n\u1ed1i sinh vi\u00ean, nh\u00e0 nghi\u00ean c\u1ee9u v\u00e0 gi\u1ea3ng vi\u00ean v\u1edbi nh\u1eefng c\u01a1 h\u1ed9i h\u1ecdc t\u1eadp v\u00e0 ph\u00e1t tri\u1ec3n s\u1ef1 nghi\u1ec7p. S\u1ee9 m\u1ec7nh c\u1ee7a ch\u00fang t\u00f4i l\u00e0 mang \u0111\u1ebfn th\u00f4ng tin v\u1ec1 h\u1ecdc b\u1ed5ng, vi\u1ec7c l\u00e0m h\u1ecdc thu\u1eadt v\u00e0 c\u1ed9ng \u0111\u1ed3ng nghi\u00ean c\u1ee9u m\u1ed9t c\u00e1ch minh b\u1ea1ch, c\u1eadp nh\u1eadt v\u00e0 \u0111\u00e1ng tin c\u1eady.<\/p>\n\n\n\n<p>T\u1ea1i \u0111\u00e2y, b\u1ea1n c\u00f3 th\u1ec3 t\u00ecm ki\u1ebfm h\u00e0ng ngh\u00ecn h\u1ecdc b\u1ed5ng m\u1edbi nh\u1ea5t cho m\u1ecdi b\u1eadc h\u1ecdc, kh\u00e1m ph\u00e1 c\u00e1c c\u01a1 h\u1ed9i ngh\u1ec1 nghi\u1ec7p h\u1ecdc thu\u1eadt tr\u00ean to\u00e0n th\u1ebf gi\u1edbi, v\u00e0 tham gia th\u1ea3o lu\u1eadn, h\u1ecfi\u2013\u0111\u00e1p c\u00f9ng c\u1ed9ng \u0111\u1ed3ng h\u1ecdc thu\u1eadt. Ch\u00fang t\u00f4i kh\u00f4ng ch\u1ec9 x\u00e2y d\u1ef1ng m\u1ed9t c\u01a1 s\u1edf d\u1eef li\u1ec7u, m\u00e0 c\u00f2n ki\u1ebfn t\u1ea1o m\u1ed9t c\u1ed9ng \u0111\u1ed3ng n\u0103ng \u0111\u1ed9ng, n\u01a1i tri th\u1ee9c, kinh nghi\u1ec7m v\u00e0 c\u01a1 h\u1ed9i \u0111\u01b0\u1ee3c s\u1ebb chia.<\/p>\n\n\n\n<p>\u0110\u01b0\u1ee3c s\u00e1ng l\u1eadp b\u1edfi \u0111\u1ed9i ng\u0169 gi\u1ea3ng vi\u00ean, nh\u00e0 nghi\u00ean c\u1ee9u v\u00e0 c\u1ef1u du h\u1ecdc sinh qu\u1ed1c t\u1ebf, ScholarshipIdea.net d\u1ef1a tr\u00ean nh\u1eefng tr\u1ea3i nghi\u1ec7m th\u1ef1c t\u1ebf trong h\u00e0nh tr\u00ecnh t\u00ecm ki\u1ebfm h\u1ecdc b\u1ed5ng, t\u00e0i tr\u1ee3 v\u00e0 ph\u00e1t tri\u1ec3n h\u1ecdc thu\u1eadt. V\u1edbi c\u00f4ng c\u1ee5 c\u00e1 nh\u00e2n h\u00f3a, ngu\u1ed3n tin x\u00e1c th\u1ef1c v\u00e0 c\u1ed9ng \u0111\u1ed3ng h\u1ed7 tr\u1ee3, ch\u00fang t\u00f4i mong mu\u1ed1n tr\u1edf th\u00e0nh c\u00e1nh c\u1eeda \u0111\u00e1ng tin c\u1eady d\u1eabn b\u1ea1n \u0111\u1ebfn th\u00e0nh c\u00f4ng h\u1ecdc thu\u1eadt to\u00e0n c\u1ea7u.<\/p>\n\n\n\n<p>\u0110\u01b0\u1ee3c s\u00e1ng l\u1eadp b\u1edfi \u0111\u1ed9i ng\u0169 gi\u1ea3ng vi\u00ean, nh\u00e0 nghi\u00ean c\u1ee9u v\u00e0 c\u1ef1u du h\u1ecdc sinh qu\u1ed1c t\u1ebf, ScholarshipIdea.net d\u1ef1a tr\u00ean nh\u1eefng tr\u1ea3i nghi\u1ec7m th\u1ef1c t\u1ebf trong h\u00e0nh tr\u00ecnh t\u00ecm ki\u1ebfm h\u1ecdc b\u1ed5ng, t\u00e0i tr\u1ee3 v\u00e0 ph\u00e1t tri\u1ec3n h\u1ecdc thu\u1eadt. V\u1edbi c\u00f4ng c\u1ee5 c\u00e1 nh\u00e2n h\u00f3a, ngu\u1ed3n tin x\u00e1c th\u1ef1c v\u00e0 c\u1ed9ng \u0111\u1ed3ng h\u1ed7 tr\u1ee3, ch\u00fang t\u00f4i mong mu\u1ed1n tr\u1edf th\u00e0nh c\u00e1nh c\u1eeda \u0111\u00e1ng tin c\u1eady d\u1eabn b\u1ea1n \u0111\u1ebfn th\u00e0nh c\u00f4ng h\u1ecdc thu\u1eadt to\u00e0n c\u1ea7u.<\/p>\n\n\n\n<p>Ch\u00fang t\u00f4i l\u00e0m vi\u1ec7c v\u1edbi ph\u01b0\u01a1ng ch\u00e2m \u201cChia s\u1ebb c\u01a1 h\u1ed9i \u2013 K\u1ebft n\u1ed1i tri th\u1ee9c \u2013 Ph\u00e1t tri\u1ec3n c\u1ed9ng \u0111\u1ed3ng.\u201d<\/p>\n\n\n\n<p><\/p>\n","protected":false},"excerpt":{"rendered":"<p>ScholarshipIdea.net is a global platform designed to connect students, researchers, and academics with valuable opportunities in education and<\/p>\n","protected":false},"author":1,"featured_media":0,"parent":0,"menu_order":0,"comment_status":"closed","ping_status":"closed","template":"","meta":{"footnotes":""},"class_list":["post-230","page","type-page","status-publish","hentry"],"_links":{"self":[{"href":"https:\/\/scholarshipidea.net\/index.php?rest_route=\/wp\/v2\/pages\/230","targetHints":{"allow":["GET"]}}],"collection":[{"href":"https:\/\/scholarshipidea.net\/index.php?rest_route=\/wp\/v2\/pages"}],"about":[{"href":"https:\/\/scholarshipidea.net\/index.php?rest_route=\/wp\/v2\/types\/page"}],"author":[{"embeddable":true,"href":"https:\/\/scholarshipidea.net\/index.php?rest_route=\/wp\/v2\/users\/1"}],"replies":[{"embeddable":true,"href":"https:\/\/scholarshipidea.net\/index.php?rest_route=%2Fwp%2Fv2%2Fcomments&post=230"}],"version-history":[{"count":3,"href":"https:\/\/scholarshipidea.net\/index.php?rest_route=\/wp\/v2\/pages\/230\/revisions"}],"predecessor-version":[{"id":421,"href":"https:\/\/scholarshipidea.net\/index.php?rest_route=\/wp\/v2\/pages\/230\/revisions\/421"}],"wp:attachment":[{"href":"https:\/\/scholarshipidea.net\/index.php?rest_route=%2Fwp%2Fv2%2Fmedia&parent=230"}],"curies":[{"name":"wp","href":"https:\/\/api.w.org\/{rel}","templated":true}]}}